{"id":2,"date":"2025-07-24T12:53:02","date_gmt":"2025-07-24T10:53:02","guid":{"rendered":"https:\/\/www.werkidee.com\/?page_id=2"},"modified":"2025-07-30T07:28:42","modified_gmt":"2025-07-30T05:28:42","slug":"impressum","status":"publish","type":"page","link":"https:\/\/www.werkidee.com\/index.php\/impressum\/","title":{"rendered":"Impressum"},"content":{"rendered":"\n<p class=\"has-small-font-size\"><strong>Impressum<br><\/strong>Verantwortlich f\u00fcr den Inhalt dieser Webseite<br>Ulli Fischer (V.i.S.d.P.)<br>werk-idee gmbh<br>Steinkopfstra\u00dfe 6, D-71642 Ludwigsburg<br>Telefon +49 7141 450050<br>ulli.fischer(at)werkidee.com<br><a href=\"http:\/\/www.werkidee.com\">www.werkidee.com<\/a><br><br>Gesch\u00e4ftsf\u00fchrer: Dipl.-Ing. Ulli Fischer<br>AG Stuttgart HRB 206711<br>USt-IdNr DE211531389<\/p>\n\n\n\n<p class=\"has-small-font-size\"><strong>Haftungsbeschr\u00e4nkung<br><\/strong>Alle Angaben, die Sie auf der Website der werk-idee gmbh vorfinden, sind unverbindlich. Obwohl unsere Website mit gr\u00f6\u00dfter Sorgfalt erstellt wurde, kann werk-idee gmbh keinerlei Garantie f\u00fcr die Fehlerfreiheit der auf den Seiten angebotenen Informationen \u00fcbernehmen. werk-idee gmbh haftet nicht f\u00fcr Sch\u00e4den, die direkt oder indirekt aus der Benutzung der Website entstehen, soweit diese nicht auf Vorsatz oder grober Fahrl\u00e4ssigkeit der werk-idee gmbh beruhen.<\/p>\n","protected":false},"excerpt":{"rendered":"<p>ImpressumVerantwortlich f\u00fcr den Inhalt dieser WebseiteUlli Fischer (V.i.S.d.P.)werk-idee gmbhSteinkopfstra\u00dfe 6, D-71642 LudwigsburgTelefon +49 7141 450050ulli.fischer(at)werkidee.comwww.werkidee.com Gesch\u00e4ftsf\u00fchrer: Dipl.-Ing. Ulli FischerAG Stuttgart HRB 206711USt-IdNr DE211531389 Haftungsbeschr\u00e4nkungAlle Angaben, die Sie auf der Website der werk-idee gmbh vorfinden, sind unverbindlich. Obwohl unsere Website mit gr\u00f6\u00dfter Sorgfalt erstellt wurde, kann werk-idee gmbh keinerlei Garantie f\u00fcr die Fehlerfreiheit der auf den [&hellip;]<\/p>\n","protected":false},"author":1,"featured_media":0,"parent":0,"menu_order":0,"comment_status":"closed","ping_status":"closed","template":"","meta":{"footnotes":""},"class_list":["post-2","page","type-page","status-publish","hentry"],"_links":{"self":[{"href":"https:\/\/www.werkidee.com\/index.php\/wp-json\/wp\/v2\/pages\/2","targetHints":{"allow":["GET"]}}],"collection":[{"href":"https:\/\/www.werkidee.com\/index.php\/wp-json\/wp\/v2\/pages"}],"about":[{"href":"https:\/\/www.werkidee.com\/index.php\/wp-json\/wp\/v2\/types\/page"}],"author":[{"embeddable":true,"href":"https:\/\/www.werkidee.com\/index.php\/wp-json\/wp\/v2\/users\/1"}],"replies":[{"embeddable":true,"href":"https:\/\/www.werkidee.com\/index.php\/wp-json\/wp\/v2\/comments?post=2"}],"version-history":[{"count":7,"href":"https:\/\/www.werkidee.com\/index.php\/wp-json\/wp\/v2\/pages\/2\/revisions"}],"predecessor-version":[{"id":92,"href":"https:\/\/www.werkidee.com\/index.php\/wp-json\/wp\/v2\/pages\/2\/revisions\/92"}],"wp:attachment":[{"href":"https:\/\/www.werkidee.com\/index.php\/wp-json\/wp\/v2\/media?parent=2"}],"curies":[{"name":"wp","href":"https:\/\/api.w.org\/{rel}","templated":true}]}}